{"id":20,"date":"2022-08-31T12:17:13","date_gmt":"2022-08-31T10:17:13","guid":{"rendered":"https:\/\/berlinki.pl\/quiz\/?page_id=20"},"modified":"2022-09-20T19:08:38","modified_gmt":"2022-09-20T17:08:38","slug":"pytania","status":"publish","type":"page","link":"https:\/\/berlinki.pl\/quiz\/pytania\/","title":{"rendered":"Pytania"},"content":{"rendered":"","protected":false},"excerpt":{"rendered":"","protected":false},"author":1,"featured_media":0,"parent":0,"menu_order":0,"comment_status":"closed","ping_status":"closed","template":"","meta":{"_acf_changed":false,"footnotes":""},"class_list":["post-20","page","type-page","status-publish","hentry"],"acf":[],"yoast_head":"<!-- This site is optimized with the Yoast SEO plugin v27.4 - https:\/\/yoast.com\/product\/yoast-seo-wordpress\/ -->\n<title>Quiz &#8211; Berlinki<\/title>\n<meta name=\"description\" content=\"Masz apetyt na mi\u0142o\u015b\u0107? A mo\u017ce chcesz tylko spr\u00f3bowa\u0107? We\u017a udzia\u0142 w naszym quizie i sprawd\u017a, kt\u00f3ra Berlinka to Perfect Match dla Ciebie!\" \/>\n<meta name=\"robots\" content=\"index, follow, max-snippet:-1, max-image-preview:large, max-video-preview:-1\" \/>\n<link rel=\"canonical\" href=\"https:\/\/berlinki.pl\/quiz\/pytania\/\" \/>\n<meta property=\"og:locale\" content=\"pl_PL\" \/>\n<meta property=\"og:type\" content=\"article\" \/>\n<meta property=\"og:title\" content=\"Quiz &#8211; Berlinki\" \/>\n<meta property=\"og:description\" content=\"Masz apetyt na mi\u0142o\u015b\u0107? A mo\u017ce chcesz tylko spr\u00f3bowa\u0107? We\u017a udzia\u0142 w naszym quizie i sprawd\u017a, kt\u00f3ra Berlinka to Perfect Match dla Ciebie!\" \/>\n<meta property=\"og:url\" content=\"https:\/\/berlinki.pl\/quiz\/pytania\/\" \/>\n<meta property=\"og:site_name\" content=\"Berlinki\" \/>\n<meta property=\"article:publisher\" content=\"https:\/\/www.facebook.com\/Berlinki\/\" \/>\n<meta property=\"article:modified_time\" content=\"2022-09-20T17:08:38+00:00\" \/>\n<meta property=\"og:image\" content=\"https:\/\/berlinki.pl\/quiz\/wp-content\/uploads\/2022\/09\/berlinki-sm.png\" \/>\n\t<meta property=\"og:image:width\" content=\"1200\" \/>\n\t<meta property=\"og:image:height\" content=\"630\" \/>\n\t<meta property=\"og:image:type\" content=\"image\/png\" \/>\n<meta name=\"twitter:card\" content=\"summary_large_image\" \/>\n<script type=\"application\/ld+json\" class=\"yoast-schema-graph\">{\"@context\":\"https:\\\/\\\/schema.org\",\"@graph\":[{\"@type\":\"WebPage\",\"@id\":\"https:\\\/\\\/berlinki.pl\\\/quiz\\\/pytania\\\/\",\"url\":\"https:\\\/\\\/berlinki.pl\\\/quiz\\\/pytania\\\/\",\"name\":\"Quiz &#8211; Berlinki\",\"isPartOf\":{\"@id\":\"https:\\\/\\\/berlinki.pl\\\/quiz\\\/#website\"},\"datePublished\":\"2022-08-31T10:17:13+00:00\",\"dateModified\":\"2022-09-20T17:08:38+00:00\",\"description\":\"Masz apetyt na mi\u0142o\u015b\u0107? A mo\u017ce chcesz tylko spr\u00f3bowa\u0107? We\u017a udzia\u0142 w naszym quizie i sprawd\u017a, kt\u00f3ra Berlinka to Perfect Match dla Ciebie!\",\"breadcrumb\":{\"@id\":\"https:\\\/\\\/berlinki.pl\\\/quiz\\\/pytania\\\/#breadcrumb\"},\"inLanguage\":\"pl-PL\",\"potentialAction\":[{\"@type\":\"ReadAction\",\"target\":[\"https:\\\/\\\/berlinki.pl\\\/quiz\\\/pytania\\\/\"]}]},{\"@type\":\"BreadcrumbList\",\"@id\":\"https:\\\/\\\/berlinki.pl\\\/quiz\\\/pytania\\\/#breadcrumb\",\"itemListElement\":[{\"@type\":\"ListItem\",\"position\":1,\"name\":\"Strona g\u0142\u00f3wna\",\"item\":\"https:\\\/\\\/berlinki.pl\\\/quiz\\\/\"},{\"@type\":\"ListItem\",\"position\":2,\"name\":\"Pytania\"}]},{\"@type\":\"WebSite\",\"@id\":\"https:\\\/\\\/berlinki.pl\\\/quiz\\\/#website\",\"url\":\"https:\\\/\\\/berlinki.pl\\\/quiz\\\/\",\"name\":\"Berlinki\",\"description\":\"\",\"publisher\":{\"@id\":\"https:\\\/\\\/berlinki.pl\\\/quiz\\\/#organization\"},\"potentialAction\":[{\"@type\":\"SearchAction\",\"target\":{\"@type\":\"EntryPoint\",\"urlTemplate\":\"https:\\\/\\\/berlinki.pl\\\/quiz\\\/?s={search_term_string}\"},\"query-input\":{\"@type\":\"PropertyValueSpecification\",\"valueRequired\":true,\"valueName\":\"search_term_string\"}}],\"inLanguage\":\"pl-PL\"},{\"@type\":\"Organization\",\"@id\":\"https:\\\/\\\/berlinki.pl\\\/quiz\\\/#organization\",\"name\":\"Berlinki\",\"url\":\"https:\\\/\\\/berlinki.pl\\\/quiz\\\/\",\"logo\":{\"@type\":\"ImageObject\",\"inLanguage\":\"pl-PL\",\"@id\":\"https:\\\/\\\/berlinki.pl\\\/quiz\\\/#\\\/schema\\\/logo\\\/image\\\/\",\"url\":\"https:\\\/\\\/berlinki.pl\\\/quiz\\\/wp-content\\\/uploads\\\/2022\\\/09\\\/logo.svg\",\"contentUrl\":\"https:\\\/\\\/berlinki.pl\\\/quiz\\\/wp-content\\\/uploads\\\/2022\\\/09\\\/logo.svg\",\"width\":354,\"height\":141,\"caption\":\"Berlinki\"},\"image\":{\"@id\":\"https:\\\/\\\/berlinki.pl\\\/quiz\\\/#\\\/schema\\\/logo\\\/image\\\/\"},\"sameAs\":[\"https:\\\/\\\/www.facebook.com\\\/Berlinki\\\/\",\"https:\\\/\\\/www.youtube.com\\\/channel\\\/UCXmR17rqFJvsXU9rr9viRvw\"]}]}<\/script>\n<!-- \/ Yoast SEO plugin. -->","yoast_head_json":{"title":"Quiz &#8211; Berlinki","description":"Masz apetyt na mi\u0142o\u015b\u0107? A mo\u017ce chcesz tylko spr\u00f3bowa\u0107? We\u017a udzia\u0142 w naszym quizie i sprawd\u017a, kt\u00f3ra Berlinka to Perfect Match dla Ciebie!","robots":{"index":"index","follow":"follow","max-snippet":"max-snippet:-1","max-image-preview":"max-image-preview:large","max-video-preview":"max-video-preview:-1"},"canonical":"https:\/\/berlinki.pl\/quiz\/pytania\/","og_locale":"pl_PL","og_type":"article","og_title":"Quiz &#8211; Berlinki","og_description":"Masz apetyt na mi\u0142o\u015b\u0107? A mo\u017ce chcesz tylko spr\u00f3bowa\u0107? We\u017a udzia\u0142 w naszym quizie i sprawd\u017a, kt\u00f3ra Berlinka to Perfect Match dla Ciebie!","og_url":"https:\/\/berlinki.pl\/quiz\/pytania\/","og_site_name":"Berlinki","article_publisher":"https:\/\/www.facebook.com\/Berlinki\/","article_modified_time":"2022-09-20T17:08:38+00:00","og_image":[{"width":1200,"height":630,"url":"https:\/\/berlinki.pl\/quiz\/wp-content\/uploads\/2022\/09\/berlinki-sm.png","type":"image\/png"}],"twitter_card":"summary_large_image","schema":{"@context":"https:\/\/schema.org","@graph":[{"@type":"WebPage","@id":"https:\/\/berlinki.pl\/quiz\/pytania\/","url":"https:\/\/berlinki.pl\/quiz\/pytania\/","name":"Quiz &#8211; Berlinki","isPartOf":{"@id":"https:\/\/berlinki.pl\/quiz\/#website"},"datePublished":"2022-08-31T10:17:13+00:00","dateModified":"2022-09-20T17:08:38+00:00","description":"Masz apetyt na mi\u0142o\u015b\u0107? A mo\u017ce chcesz tylko spr\u00f3bowa\u0107? We\u017a udzia\u0142 w naszym quizie i sprawd\u017a, kt\u00f3ra Berlinka to Perfect Match dla Ciebie!","breadcrumb":{"@id":"https:\/\/berlinki.pl\/quiz\/pytania\/#breadcrumb"},"inLanguage":"pl-PL","potentialAction":[{"@type":"ReadAction","target":["https:\/\/berlinki.pl\/quiz\/pytania\/"]}]},{"@type":"BreadcrumbList","@id":"https:\/\/berlinki.pl\/quiz\/pytania\/#breadcrumb","itemListElement":[{"@type":"ListItem","position":1,"name":"Strona g\u0142\u00f3wna","item":"https:\/\/berlinki.pl\/quiz\/"},{"@type":"ListItem","position":2,"name":"Pytania"}]},{"@type":"WebSite","@id":"https:\/\/berlinki.pl\/quiz\/#website","url":"https:\/\/berlinki.pl\/quiz\/","name":"Berlinki","description":"","publisher":{"@id":"https:\/\/berlinki.pl\/quiz\/#organization"},"potentialAction":[{"@type":"SearchAction","target":{"@type":"EntryPoint","urlTemplate":"https:\/\/berlinki.pl\/quiz\/?s={search_term_string}"},"query-input":{"@type":"PropertyValueSpecification","valueRequired":true,"valueName":"search_term_string"}}],"inLanguage":"pl-PL"},{"@type":"Organization","@id":"https:\/\/berlinki.pl\/quiz\/#organization","name":"Berlinki","url":"https:\/\/berlinki.pl\/quiz\/","logo":{"@type":"ImageObject","inLanguage":"pl-PL","@id":"https:\/\/berlinki.pl\/quiz\/#\/schema\/logo\/image\/","url":"https:\/\/berlinki.pl\/quiz\/wp-content\/uploads\/2022\/09\/logo.svg","contentUrl":"https:\/\/berlinki.pl\/quiz\/wp-content\/uploads\/2022\/09\/logo.svg","width":354,"height":141,"caption":"Berlinki"},"image":{"@id":"https:\/\/berlinki.pl\/quiz\/#\/schema\/logo\/image\/"},"sameAs":["https:\/\/www.facebook.com\/Berlinki\/","https:\/\/www.youtube.com\/channel\/UCXmR17rqFJvsXU9rr9viRvw"]}]}},"_links":{"self":[{"href":"https:\/\/berlinki.pl\/quiz\/wp-json\/wp\/v2\/pages\/20","targetHints":{"allow":["GET"]}}],"collection":[{"href":"https:\/\/berlinki.pl\/quiz\/wp-json\/wp\/v2\/pages"}],"about":[{"href":"https:\/\/berlinki.pl\/quiz\/wp-json\/wp\/v2\/types\/page"}],"author":[{"embeddable":true,"href":"https:\/\/berlinki.pl\/quiz\/wp-json\/wp\/v2\/users\/1"}],"replies":[{"embeddable":true,"href":"https:\/\/berlinki.pl\/quiz\/wp-json\/wp\/v2\/comments?post=20"}],"version-history":[{"count":9,"href":"https:\/\/berlinki.pl\/quiz\/wp-json\/wp\/v2\/pages\/20\/revisions"}],"predecessor-version":[{"id":103,"href":"https:\/\/berlinki.pl\/quiz\/wp-json\/wp\/v2\/pages\/20\/revisions\/103"}],"wp:attachment":[{"href":"https:\/\/berlinki.pl\/quiz\/wp-json\/wp\/v2\/media?parent=20"}],"curies":[{"name":"wp","href":"https:\/\/api.w.org\/{rel}","templated":true}]}}